{"id":95,"date":"2020-11-06T11:03:12","date_gmt":"2020-11-06T10:03:12","guid":{"rendered":"http:\/\/www.tushuesten.de\/web\/?page_id=95"},"modified":"2022-01-13T10:05:32","modified_gmt":"2022-01-13T09:05:32","slug":"sport-und-spiel-fuer-jungen-code-11","status":"publish","type":"page","link":"https:\/\/www.tushuesten.de\/web\/sport-und-spiel-fuer-jungen-code-11\/","title":{"rendered":"Sport und Spiel f\u00fcr Jungen (Code 11)"},"content":{"rendered":"<p><strong>Leider k\u00f6nnen wir diese Sportgruppe zur Zeit mangels \u00dcbungsleiter nicht anbieten.<\/strong><\/p>\n<p><em>Haben Sie Interesse (oder kennen Jemanden) Trainer beim Sport f\u00fcr Jungen ab 7 Jahren zu werden? Dann melden Sie sich f\u00fcr weitere Informationen unter\u00a0 01726126541<\/em><\/p>\n<p>&nbsp;<\/p>\n<p><strong>Ungezwungen Bewegung erleben!<\/strong><\/p>\n<p>In unserer Bewegungsgruppe nur f\u00fcr Jungen ab 7 Jahren, haben die Kinder die M\u00f6glichkeit sich in verschiedenen Sportarten, wie z.B. Ballspiele, Parkours und Bewegungsaufbauten auszuprobieren. Hierbei steht vor allem der Spa\u00df an Bewegung im Vordergrund, aber auch Ausdauer, Kraft und Koordination wird gef\u00f6rdert. Das Besondere ist, dass die Jungen unter sich den Sport ungezwungen erleben k\u00f6nnen.<\/p>\n<p><strong>\u00dcbungsleiter:<\/strong><br \/>\nWird gesucht!<br \/>\n(Info-Tel.: 01726126541<\/p>\n","protected":false},"excerpt":{"rendered":"<p>Leider k\u00f6nnen wir diese Sportgruppe zur Zeit mangels \u00dcbungsleiter nicht anbieten. Haben Sie Interesse (oder kennen Jemanden) Trainer beim Sport f\u00fcr Jungen ab 7 Jahren zu werden? Dann melden Sie sich f\u00fcr weitere Informationen unter\u00a0<\/p>\n","protected":false},"author":1,"featured_media":0,"parent":0,"menu_order":0,"comment_status":"closed","ping_status":"closed","template":"","meta":[],"_links":{"self":[{"href":"https:\/\/www.tushuesten.de\/web\/wp-json\/wp\/v2\/pages\/95"}],"collection":[{"href":"https:\/\/www.tushuesten.de\/web\/wp-json\/wp\/v2\/pages"}],"about":[{"href":"https:\/\/www.tushuesten.de\/web\/wp-json\/wp\/v2\/types\/page"}],"author":[{"embeddable":true,"href":"https:\/\/www.tushuesten.de\/web\/wp-json\/wp\/v2\/users\/1"}],"replies":[{"embeddable":true,"href":"https:\/\/www.tushuesten.de\/web\/wp-json\/wp\/v2\/comments?post=95"}],"version-history":[{"count":4,"href":"https:\/\/www.tushuesten.de\/web\/wp-json\/wp\/v2\/pages\/95\/revisions"}],"predecessor-version":[{"id":478,"href":"https:\/\/www.tushuesten.de\/web\/wp-json\/wp\/v2\/pages\/95\/revisions\/478"}],"wp:attachment":[{"href":"https:\/\/www.tushuesten.de\/web\/wp-json\/wp\/v2\/media?parent=95"}],"curies":[{"name":"wp","href":"https:\/\/api.w.org\/{rel}","templated":true}]}}