{"id":76,"date":"2020-11-06T10:56:33","date_gmt":"2020-11-06T09:56:33","guid":{"rendered":"http:\/\/www.tushuesten.de\/web\/?page_id=76"},"modified":"2025-07-16T22:47:08","modified_gmt":"2025-07-16T20:47:08","slug":"turnen-fuer-kinder","status":"publish","type":"page","link":"https:\/\/www.tushuesten.de\/web\/turnen-fuer-kinder\/","title":{"rendered":"Turnen f\u00fcr 3-6 J\u00e4hrige (Code 14)"},"content":{"rendered":"<p>&nbsp;<\/p>\n<p><a href=\"https:\/\/www.tushuesten.de\/web\/turnen-fuer-kinder\/20230616_175110\/\" rel=\"attachment wp-att-687\"><img decoding=\"async\" loading=\"lazy\" class=\"alignnone size-full wp-image-687\" src=\"https:\/\/www.tushuesten.de\/web\/wp-content\/uploads\/2023\/06\/20230616_175110.jpg\" alt=\"\" width=\"2302\" height=\"652\" \/><\/a><img decoding=\"async\" loading=\"lazy\" class=\"wp-image-263 aligncenter\" src=\"https:\/\/www.tushuesten.de\/web\/wp-content\/uploads\/2020\/12\/IMG_20200911_180333-hp-e1607444163594-300x220.jpg\" alt=\"\" width=\"274\" height=\"201\" srcset=\"https:\/\/www.tushuesten.de\/web\/wp-content\/uploads\/2020\/12\/IMG_20200911_180333-hp-e1607444163594-300x220.jpg 300w, https:\/\/www.tushuesten.de\/web\/wp-content\/uploads\/2020\/12\/IMG_20200911_180333-hp-e1607444163594-768x563.jpg 768w, https:\/\/www.tushuesten.de\/web\/wp-content\/uploads\/2020\/12\/IMG_20200911_180333-hp-e1607444163594.jpg 934w\" sizes=\"(max-width: 274px) 100vw, 274px\" \/><\/p>\n<p>&nbsp;<\/p>\n<p style=\"text-align: center;\"><strong>Termin: Freitags von 17.00 Uhr &#8211; 18.00 Uhr<\/strong><br \/>\n<strong>Ort: SPH M\u00fchlenberg<\/strong><\/p>\n<p style=\"text-align: center;\"><em>Warteliste! Bitte anmelden.<\/em><\/p>\n<p>&nbsp;<\/p>\n<p><strong>Bewegung macht Spa\u00df!<\/strong><\/p>\n<p>Jeden Freitag treffen wir uns um gemeinsam Spa\u00df an der Bewegung zu haben, zu toben und spielerisch die verschiedenen Turnger\u00e4te kennenzulernen. Nach unserer Begr\u00fc\u00dfung und dem z\u00e4hlen der Kinder haben sie die M\u00f6glichkeit ihren Bewegungsdrang an mehreren Turnstationen nachzugehen. Zum Abschluss wird sich zur Musik bewegt oder mit dem Schwungtuch gespielt. Uns ist es wichtig das Selbstvertrauen, das Sozialverhalten und den Spa\u00df an Bewegung der Kinder zu f\u00f6rdern.<\/p>\n<p><strong>\u00dcbungsleiterin<\/strong><\/p>\n<p>Janice Wienecke<\/p>\n<blockquote><p><img decoding=\"async\" loading=\"lazy\" class=\"wp-image-239 size-thumbnail alignleft\" src=\"https:\/\/www.tushuesten.de\/web\/wp-content\/uploads\/2020\/12\/IMG_0681-hp-e1607441293514-150x150.jpg\" alt=\"\" width=\"150\" height=\"150\" \/><\/p><\/blockquote>\n<p>&nbsp;<\/p>\n<p>&nbsp;<\/p>\n<p>&nbsp;<\/p>\n<p>&nbsp;<\/p>\n<p>&nbsp;<\/p>\n<p>(Tel: 0172 6126541 Vereinshandy)<\/p>\n<p><strong>\u00dcbungshelferin<\/strong>:<\/p>\n<p>Anna Schulte-Borghoff, Isabell Adam<\/p>\n","protected":false},"excerpt":{"rendered":"<p>&nbsp; &nbsp; Termin: Freitags von 17.00 Uhr &#8211; 18.00 Uhr Ort: SPH M\u00fchlenberg Warteliste! Bitte anmelden. &nbsp; Bewegung macht Spa\u00df! Jeden Freitag treffen wir uns um gemeinsam Spa\u00df an der Bewegung zu haben, zu toben<\/p>\n","protected":false},"author":1,"featured_media":0,"parent":0,"menu_order":0,"comment_status":"closed","ping_status":"closed","template":"","meta":[],"_links":{"self":[{"href":"https:\/\/www.tushuesten.de\/web\/wp-json\/wp\/v2\/pages\/76"}],"collection":[{"href":"https:\/\/www.tushuesten.de\/web\/wp-json\/wp\/v2\/pages"}],"about":[{"href":"https:\/\/www.tushuesten.de\/web\/wp-json\/wp\/v2\/types\/page"}],"author":[{"embeddable":true,"href":"https:\/\/www.tushuesten.de\/web\/wp-json\/wp\/v2\/users\/1"}],"replies":[{"embeddable":true,"href":"https:\/\/www.tushuesten.de\/web\/wp-json\/wp\/v2\/comments?post=76"}],"version-history":[{"count":12,"href":"https:\/\/www.tushuesten.de\/web\/wp-json\/wp\/v2\/pages\/76\/revisions"}],"predecessor-version":[{"id":935,"href":"https:\/\/www.tushuesten.de\/web\/wp-json\/wp\/v2\/pages\/76\/revisions\/935"}],"wp:attachment":[{"href":"https:\/\/www.tushuesten.de\/web\/wp-json\/wp\/v2\/media?parent=76"}],"curies":[{"name":"wp","href":"https:\/\/api.w.org\/{rel}","templated":true}]}}