{"id":71,"date":"2020-11-06T10:53:24","date_gmt":"2020-11-06T09:53:24","guid":{"rendered":"http:\/\/www.tushuesten.de\/web\/?page_id=71"},"modified":"2026-01-23T19:18:59","modified_gmt":"2026-01-23T18:18:59","slug":"mutter-und-kindturnen","status":"publish","type":"page","link":"https:\/\/www.tushuesten.de\/web\/mutter-und-kindturnen\/","title":{"rendered":"Eltern-Kind-Turnen ab 2 Jahren (Code 15)"},"content":{"rendered":"<p>&nbsp;<\/p>\n<p style=\"text-align: center;\"><strong>Termin: Donnerstags von 16:00 Uhr &#8211; 17:00 Uhr<br \/>\nOrt: SPH M\u00fchlenberggrundschule<\/strong><\/p>\n<p><strong>\u00a0 \u00a0 Alter: 2 bis max. Anfang 4 Jahre<\/strong><\/p>\n<p>WARTELISTE! Bitte abmelden!<\/p>\n<p><strong>Spiel und Spa\u00df!<\/strong><\/p>\n<p>Die Kinder lernen sich mit Hilfe einer Begleitperson spielerisch an Turnger\u00e4ten zu Bewegen und dabei gewinnen sie an Selbstvertrauen. An verschiedenen Aufbauten k\u00f6nnen sie sich ausprobieren, ihre Motorik schulen und viel Spa\u00df haben.<\/p>\n<p><strong>\u00dcbungsleiterin:<\/strong><\/p>\n<p>Anastasia Schwalm<br \/>\n\u00dcbungshelfer:Maximilian Tillmann und Isabelle Adam<\/p>\n","protected":false},"excerpt":{"rendered":"<p>&nbsp; Termin: Donnerstags von 16:00 Uhr &#8211; 17:00 Uhr Ort: SPH M\u00fchlenberggrundschule \u00a0 \u00a0 Alter: 2 bis max. Anfang 4 Jahre WARTELISTE! Bitte abmelden! Spiel und Spa\u00df! Die Kinder lernen sich mit Hilfe einer Begleitperson<\/p>\n","protected":false},"author":1,"featured_media":0,"parent":0,"menu_order":0,"comment_status":"closed","ping_status":"closed","template":"","meta":[],"_links":{"self":[{"href":"https:\/\/www.tushuesten.de\/web\/wp-json\/wp\/v2\/pages\/71"}],"collection":[{"href":"https:\/\/www.tushuesten.de\/web\/wp-json\/wp\/v2\/pages"}],"about":[{"href":"https:\/\/www.tushuesten.de\/web\/wp-json\/wp\/v2\/types\/page"}],"author":[{"embeddable":true,"href":"https:\/\/www.tushuesten.de\/web\/wp-json\/wp\/v2\/users\/1"}],"replies":[{"embeddable":true,"href":"https:\/\/www.tushuesten.de\/web\/wp-json\/wp\/v2\/comments?post=71"}],"version-history":[{"count":12,"href":"https:\/\/www.tushuesten.de\/web\/wp-json\/wp\/v2\/pages\/71\/revisions"}],"predecessor-version":[{"id":989,"href":"https:\/\/www.tushuesten.de\/web\/wp-json\/wp\/v2\/pages\/71\/revisions\/989"}],"wp:attachment":[{"href":"https:\/\/www.tushuesten.de\/web\/wp-json\/wp\/v2\/media?parent=71"}],"curies":[{"name":"wp","href":"https:\/\/api.w.org\/{rel}","templated":true}]}}