{"id":59,"date":"2020-11-06T10:42:02","date_gmt":"2020-11-06T09:42:02","guid":{"rendered":"http:\/\/www.tushuesten.de\/web\/?page_id=59"},"modified":"2020-12-08T14:22:11","modified_gmt":"2020-12-08T13:22:11","slug":"besonderheiten","status":"publish","type":"page","link":"https:\/\/www.tushuesten.de\/web\/besonderheiten\/","title":{"rendered":"Besonderheiten"},"content":{"rendered":"<p>Die Besonderheiten\u00a0des TuS H\u00fcsten hier kurz und knapp:<\/p>\n<table border=\"0\" width=\"100%\">\n<tbody>\n<tr>\n<td width=\"25%\"><strong>Mission<\/strong><\/td>\n<td width=\"75%\">Mitten in Arnsberg bieten wir ein Sportangebot f\u00fcr Jung und Alt!<\/td>\n<\/tr>\n<tr>\n<td><strong>Angebote<\/strong><\/td>\n<td>Unser Sportangebot finden Sie im Men\u00fc oben auf der Seite!<\/td>\n<\/tr>\n<tr>\n<td><strong>Ziele<\/strong><\/td>\n<td>F\u00f6rderung des Breitensports!<\/td>\n<\/tr>\n<tr>\n<td><\/td>\n<td>Beitrag zur Gesunderhaltung und Fitnesssteigerung von Kindern, Jugendlichen und Erwachsenen!<\/td>\n<\/tr>\n<tr>\n<td><\/td>\n<td>Sport ist f\u00fcr die motorische und geistige Entwicklung unserer Kinder und deshalb auch f\u00fcr unsere Gesellschaft von unendlich gro\u00dfer Wichtigkeit!<\/td>\n<\/tr>\n<tr>\n<td><strong>Mitglieder<\/strong><\/td>\n<td>Unser Verein ist jung und familienorientiert!<\/p>\n<p>Der TuS H\u00fcsten ist ein Spitznereiter in der Statistik der Sportverein der Stadt Arnsberg mit hohen Anteilen von Kindern und Jugendlichen.<\/p>\n<p><a href=\"http:\/\/www.arnsberg.de\/sport\/statistik-vereine.php\">Hier ist die Quelle auf arnsberg.de<\/a><\/td>\n<\/tr>\n<tr>\n<td><strong>Spezials<\/strong><\/td>\n<td>Modernisiertes ,mietbares Vereinsheim an der Riggenweide in H\u00fcsten, hinter der Polizeistation<\/td>\n<\/tr>\n<tr>\n<td><\/td>\n<td>gepflegte Mountainbikeanlage mit SKS Dirt Bike<\/td>\n<\/tr>\n<tr>\n<td><\/td>\n<td>Jugendabteilung mit selbst\u00e4ndigem Vorstand<\/td>\n<\/tr>\n<\/tbody>\n<\/table>\n","protected":false},"excerpt":{"rendered":"<p>Die Besonderheiten\u00a0des TuS H\u00fcsten hier kurz und knapp: Mission Mitten in Arnsberg bieten wir ein Sportangebot f\u00fcr Jung und Alt! Angebote Unser Sportangebot finden Sie im Men\u00fc oben auf der Seite! Ziele F\u00f6rderung des Breitensports!<\/p>\n","protected":false},"author":1,"featured_media":0,"parent":0,"menu_order":0,"comment_status":"closed","ping_status":"closed","template":"","meta":[],"_links":{"self":[{"href":"https:\/\/www.tushuesten.de\/web\/wp-json\/wp\/v2\/pages\/59"}],"collection":[{"href":"https:\/\/www.tushuesten.de\/web\/wp-json\/wp\/v2\/pages"}],"about":[{"href":"https:\/\/www.tushuesten.de\/web\/wp-json\/wp\/v2\/types\/page"}],"author":[{"embeddable":true,"href":"https:\/\/www.tushuesten.de\/web\/wp-json\/wp\/v2\/users\/1"}],"replies":[{"embeddable":true,"href":"https:\/\/www.tushuesten.de\/web\/wp-json\/wp\/v2\/comments?post=59"}],"version-history":[{"count":4,"href":"https:\/\/www.tushuesten.de\/web\/wp-json\/wp\/v2\/pages\/59\/revisions"}],"predecessor-version":[{"id":209,"href":"https:\/\/www.tushuesten.de\/web\/wp-json\/wp\/v2\/pages\/59\/revisions\/209"}],"wp:attachment":[{"href":"https:\/\/www.tushuesten.de\/web\/wp-json\/wp\/v2\/media?parent=59"}],"curies":[{"name":"wp","href":"https:\/\/api.w.org\/{rel}","templated":true}]}}