{"id":56,"date":"2020-11-06T10:41:07","date_gmt":"2020-11-06T09:41:07","guid":{"rendered":"http:\/\/www.tushuesten.de\/web\/?page_id=56"},"modified":"2022-01-08T10:49:30","modified_gmt":"2022-01-08T09:49:30","slug":"vereinsheim","status":"publish","type":"page","link":"https:\/\/www.tushuesten.de\/web\/vereinsheim\/","title":{"rendered":"Vereinsheim"},"content":{"rendered":"<p><img decoding=\"async\" class=\"alignnone size-full wp-image-57\" src=\"http:\/\/www.tushuesten.de\/web\/wp-content\/uploads\/2020\/11\/vereinsheim.jpg\" alt=\"\" width=\"100%\" srcset=\"https:\/\/www.tushuesten.de\/web\/wp-content\/uploads\/2020\/11\/vereinsheim.jpg 1024w, https:\/\/www.tushuesten.de\/web\/wp-content\/uploads\/2020\/11\/vereinsheim-300x225.jpg 300w, https:\/\/www.tushuesten.de\/web\/wp-content\/uploads\/2020\/11\/vereinsheim-768x577.jpg 768w, https:\/\/www.tushuesten.de\/web\/wp-content\/uploads\/2020\/11\/vereinsheim-840x630.jpg 840w, https:\/\/www.tushuesten.de\/web\/wp-content\/uploads\/2020\/11\/vereinsheim-440x330.jpg 440w\" sizes=\"(max-width: 1024px) 100vw, 1024px\" \/><\/p>\n<p>Das modernisierte Vereinsheim unseres Turn- und Spielverein liegt direkt an der Polizeistation H\u00fcsten, mitten in Arnsberg.<\/p>\n<p>Hausanschrift:<\/p>\n<blockquote><p>TuS Vereinsheim<br \/>\nArnsberger Stra\u00dfe 10 c<br \/>\n59759 Arnsberg<\/p><\/blockquote>\n<p><strong>Das Vereinsheim steht auch f\u00fcr Vermietungen in den Monaten M\u00e4rz bis Oktober zur Verf\u00fcgung. <\/strong><\/p>\n<p>Mehr Informationen bei Ulrike Fricke, Fon 01726126541<\/p>\n","protected":false},"excerpt":{"rendered":"<p>Das modernisierte Vereinsheim unseres Turn- und Spielverein liegt direkt an der Polizeistation H\u00fcsten, mitten in Arnsberg. Hausanschrift: TuS Vereinsheim Arnsberger Stra\u00dfe 10 c 59759 Arnsberg Das Vereinsheim steht auch f\u00fcr Vermietungen in den Monaten M\u00e4rz<\/p>\n","protected":false},"author":1,"featured_media":0,"parent":0,"menu_order":0,"comment_status":"closed","ping_status":"closed","template":"","meta":[],"_links":{"self":[{"href":"https:\/\/www.tushuesten.de\/web\/wp-json\/wp\/v2\/pages\/56"}],"collection":[{"href":"https:\/\/www.tushuesten.de\/web\/wp-json\/wp\/v2\/pages"}],"about":[{"href":"https:\/\/www.tushuesten.de\/web\/wp-json\/wp\/v2\/types\/page"}],"author":[{"embeddable":true,"href":"https:\/\/www.tushuesten.de\/web\/wp-json\/wp\/v2\/users\/1"}],"replies":[{"embeddable":true,"href":"https:\/\/www.tushuesten.de\/web\/wp-json\/wp\/v2\/comments?post=56"}],"version-history":[{"count":4,"href":"https:\/\/www.tushuesten.de\/web\/wp-json\/wp\/v2\/pages\/56\/revisions"}],"predecessor-version":[{"id":468,"href":"https:\/\/www.tushuesten.de\/web\/wp-json\/wp\/v2\/pages\/56\/revisions\/468"}],"wp:attachment":[{"href":"https:\/\/www.tushuesten.de\/web\/wp-json\/wp\/v2\/media?parent=56"}],"curies":[{"name":"wp","href":"https:\/\/api.w.org\/{rel}","templated":true}]}}