{"id":308,"date":"2021-03-02T15:30:01","date_gmt":"2021-03-02T14:30:01","guid":{"rendered":"https:\/\/www.tushuesten.de\/web\/?page_id=308"},"modified":"2024-08-14T19:17:58","modified_gmt":"2024-08-14T17:17:58","slug":"step-aerobic","status":"publish","type":"page","link":"https:\/\/www.tushuesten.de\/web\/step-aerobic\/","title":{"rendered":"Step Aerobic (Code 25)"},"content":{"rendered":"<p style=\"text-align: center;\"><strong>Step Aerobic<\/strong><\/p>\n<p>&nbsp;<\/p>\n<p style=\"text-align: center;\"><strong>Termin: montags von 19.00-20.00Uhr\u00a0<\/strong><\/p>\n<p style=\"text-align: center;\"><strong>Ort: M\u00fchlenbergturnhalle<\/strong><\/p>\n<p><em>Kostenloses Probetraining ist jederzeit m\u00f6glich!<\/em><\/p>\n<p>Ein effektives Intervall-Fitnesstraining f\u00fcr den ganzen K\u00f6rper mit Steps und Handgewichten. Mehr Kraft, mehr Ausdauer, mehr Leistung mit viel Spa\u00df und Power.<\/p>\n<p>Trainerin:<\/p>\n<p>Dorothee Liefl\u00e4nder<\/p>\n","protected":false},"excerpt":{"rendered":"<p>Step Aerobic &nbsp; Termin: montags von 19.00-20.00Uhr\u00a0 Ort: M\u00fchlenbergturnhalle Kostenloses Probetraining ist jederzeit m\u00f6glich! Ein effektives Intervall-Fitnesstraining f\u00fcr den ganzen K\u00f6rper mit Steps und Handgewichten. Mehr Kraft, mehr Ausdauer, mehr Leistung mit viel Spa\u00df und<\/p>\n","protected":false},"author":2,"featured_media":0,"parent":0,"menu_order":0,"comment_status":"closed","ping_status":"closed","template":"","meta":[],"_links":{"self":[{"href":"https:\/\/www.tushuesten.de\/web\/wp-json\/wp\/v2\/pages\/308"}],"collection":[{"href":"https:\/\/www.tushuesten.de\/web\/wp-json\/wp\/v2\/pages"}],"about":[{"href":"https:\/\/www.tushuesten.de\/web\/wp-json\/wp\/v2\/types\/page"}],"author":[{"embeddable":true,"href":"https:\/\/www.tushuesten.de\/web\/wp-json\/wp\/v2\/users\/2"}],"replies":[{"embeddable":true,"href":"https:\/\/www.tushuesten.de\/web\/wp-json\/wp\/v2\/comments?post=308"}],"version-history":[{"count":9,"href":"https:\/\/www.tushuesten.de\/web\/wp-json\/wp\/v2\/pages\/308\/revisions"}],"predecessor-version":[{"id":844,"href":"https:\/\/www.tushuesten.de\/web\/wp-json\/wp\/v2\/pages\/308\/revisions\/844"}],"wp:attachment":[{"href":"https:\/\/www.tushuesten.de\/web\/wp-json\/wp\/v2\/media?parent=308"}],"curies":[{"name":"wp","href":"https:\/\/api.w.org\/{rel}","templated":true}]}}