{"id":167,"date":"2020-11-06T11:41:25","date_gmt":"2020-11-06T10:41:25","guid":{"rendered":"http:\/\/www.tushuesten.de\/web\/?page_id=167"},"modified":"2026-04-08T20:07:55","modified_gmt":"2026-04-08T18:07:55","slug":"judo-code-41","status":"publish","type":"page","link":"https:\/\/www.tushuesten.de\/web\/judo-code-41\/","title":{"rendered":"Judo (Code 41)"},"content":{"rendered":"<p><img decoding=\"async\" loading=\"lazy\" class=\"wp-image-168 aligncenter\" src=\"http:\/\/www.tushuesten.de\/web\/wp-content\/uploads\/2020\/11\/judo.jpg\" alt=\"\" width=\"701\" height=\"525\" srcset=\"https:\/\/www.tushuesten.de\/web\/wp-content\/uploads\/2020\/11\/judo.jpg 1024w, https:\/\/www.tushuesten.de\/web\/wp-content\/uploads\/2020\/11\/judo-300x225.jpg 300w, https:\/\/www.tushuesten.de\/web\/wp-content\/uploads\/2020\/11\/judo-768x575.jpg 768w, https:\/\/www.tushuesten.de\/web\/wp-content\/uploads\/2020\/11\/judo-840x630.jpg 840w, https:\/\/www.tushuesten.de\/web\/wp-content\/uploads\/2020\/11\/judo-440x330.jpg 440w\" sizes=\"(max-width: 701px) 100vw, 701px\" \/><\/p>\n<p style=\"text-align: center;\"><strong>Termin: Freitags von 18.15-19.45 Uhr (M\u00e4dchen &amp; Jungen ab 6 Jahren)<br \/>\nOrt: M\u00fchlenbergturnhalle<\/strong><\/p>\n<p style=\"text-align: center;\"><em>Kostenloses Probetraining jederzeit m\u00f6glich!<\/em><\/p>\n<p>&nbsp;<\/p>\n<p><strong>JUDO f\u00fcr JEDEN<\/strong><\/p>\n<p>Jeder kann Judo machen, egal welchen Alters oder Geschlecht, als Wettkampf- oder Breitensport. W\u00e4hrend des Trainings werden die k\u00f6rperlichen F\u00e4higkeiten Ausdauer, Kraft, Koordination, Beweglichkeit sowie die Kompetenzen Selbstdisziplin und Konzentration gef\u00f6rdert und gest\u00e4rkt. Dar\u00fcber hinaus bedeutet Judo vor allem auch Verantwortung f\u00fcr das Wohlergehen der Trainingspartner zu \u00fcbernehmen. Das Judo-Training in der Gemeinschaft h\u00e4lt einen fit und bereitet viel Freude und Spa\u00df!<\/p>\n<p><strong>\u00dcbungsleiter<\/strong><br \/>\nYannick Feldmann &amp; Philipp Neumann<\/p>\n","protected":false},"excerpt":{"rendered":"<p>Termin: Freitags von 18.15-19.45 Uhr (M\u00e4dchen &amp; Jungen ab 6 Jahren) Ort: M\u00fchlenbergturnhalle Kostenloses Probetraining jederzeit m\u00f6glich! &nbsp; JUDO f\u00fcr JEDEN Jeder kann Judo machen, egal welchen Alters oder Geschlecht, als Wettkampf- oder Breitensport. W\u00e4hrend<\/p>\n","protected":false},"author":1,"featured_media":0,"parent":0,"menu_order":0,"comment_status":"closed","ping_status":"closed","template":"","meta":[],"_links":{"self":[{"href":"https:\/\/www.tushuesten.de\/web\/wp-json\/wp\/v2\/pages\/167"}],"collection":[{"href":"https:\/\/www.tushuesten.de\/web\/wp-json\/wp\/v2\/pages"}],"about":[{"href":"https:\/\/www.tushuesten.de\/web\/wp-json\/wp\/v2\/types\/page"}],"author":[{"embeddable":true,"href":"https:\/\/www.tushuesten.de\/web\/wp-json\/wp\/v2\/users\/1"}],"replies":[{"embeddable":true,"href":"https:\/\/www.tushuesten.de\/web\/wp-json\/wp\/v2\/comments?post=167"}],"version-history":[{"count":8,"href":"https:\/\/www.tushuesten.de\/web\/wp-json\/wp\/v2\/pages\/167\/revisions"}],"predecessor-version":[{"id":1014,"href":"https:\/\/www.tushuesten.de\/web\/wp-json\/wp\/v2\/pages\/167\/revisions\/1014"}],"wp:attachment":[{"href":"https:\/\/www.tushuesten.de\/web\/wp-json\/wp\/v2\/media?parent=167"}],"curies":[{"name":"wp","href":"https:\/\/api.w.org\/{rel}","templated":true}]}}