{"id":150,"date":"2020-11-06T11:29:48","date_gmt":"2020-11-06T10:29:48","guid":{"rendered":"http:\/\/www.tushuesten.de\/web\/?page_id=150"},"modified":"2026-04-08T20:12:41","modified_gmt":"2026-04-08T18:12:41","slug":"lustige-tanzmaeuse-ab-3-jahren","status":"publish","type":"page","link":"https:\/\/www.tushuesten.de\/web\/lustige-tanzmaeuse-ab-3-jahren\/","title":{"rendered":"Tanzkr\u00fcmel ab 4 Jahren"},"content":{"rendered":"<p>Diese Tanzgruppe ist eine Kooperation mit dem Familienzentrum an der R\u00f6hr (Kindergarten Kr\u00fcmelkiste)<\/p>\n<p style=\"text-align: center;\"><strong>Wann: montags <\/strong><strong>von 17- 18 Uhr<\/strong><\/p>\n<p style=\"text-align: center;\"><strong>Ort: Turnraum Kindergarten Kr\u00fcmelkiste<\/strong><\/p>\n<p><a href=\"https:\/\/www.tushuesten.de\/web\/lustige-tanzmaeuse-ab-3-jahren\/img-20230905-wa0036\/\" rel=\"attachment wp-att-736\"><img decoding=\"async\" loading=\"lazy\" class=\"alignnone size-medium wp-image-736\" src=\"https:\/\/www.tushuesten.de\/web\/wp-content\/uploads\/2023\/10\/IMG-20230905-WA0036-300x205.jpg\" alt=\"\" width=\"300\" height=\"205\" srcset=\"https:\/\/www.tushuesten.de\/web\/wp-content\/uploads\/2023\/10\/IMG-20230905-WA0036-300x205.jpg 300w, https:\/\/www.tushuesten.de\/web\/wp-content\/uploads\/2023\/10\/IMG-20230905-WA0036-1024x699.jpg 1024w, https:\/\/www.tushuesten.de\/web\/wp-content\/uploads\/2023\/10\/IMG-20230905-WA0036-768x524.jpg 768w, https:\/\/www.tushuesten.de\/web\/wp-content\/uploads\/2023\/10\/IMG-20230905-WA0036-1536x1049.jpg 1536w, https:\/\/www.tushuesten.de\/web\/wp-content\/uploads\/2023\/10\/IMG-20230905-WA0036.jpg 1753w\" sizes=\"(max-width: 300px) 100vw, 300px\" \/><\/a><\/p>\n<p>Anmeldung erforderlich (Tel.:0172 6126541)<\/p>\n<p>&nbsp;<\/p>\n<p><strong>Tanzen macht Spa\u00df!<\/strong><\/p>\n<p>Das Tanzen f\u00fcr M\u00e4dchen und Jungen ab 4 Jahren bis einschlie\u00dflich der 1. Klasse unterst\u00fctzt die Entwicklung eines Takt- und Rhythmusgef\u00fchls. Die t\u00e4nzerische Fr\u00fcherziehung mit vielen spielerischen Elementen tr\u00e4gt vor allem zu einem positiven K\u00f6rpergef\u00fchl bei. Bei Auftritten auf dem Sommerfest, der Jahreshauptversammlung oder beim Weihnachtsabschluss mit den Eltern pr\u00e4sentieren die M\u00e4dchen und Jungen ihre T\u00e4nze.<\/p>\n<p><strong>\u00dcbungsleiterin<\/strong><\/p>\n<p><img decoding=\"async\" loading=\"lazy\" class=\"size-medium wp-image-239 alignnone\" src=\"https:\/\/www.tushuesten.de\/web\/wp-content\/uploads\/2020\/12\/IMG_0681-hp-e1607441293514-245x300.jpg\" alt=\"\" width=\"245\" height=\"300\" srcset=\"https:\/\/www.tushuesten.de\/web\/wp-content\/uploads\/2020\/12\/IMG_0681-hp-e1607441293514-245x300.jpg 245w, https:\/\/www.tushuesten.de\/web\/wp-content\/uploads\/2020\/12\/IMG_0681-hp-e1607441293514-837x1024.jpg 837w, https:\/\/www.tushuesten.de\/web\/wp-content\/uploads\/2020\/12\/IMG_0681-hp-e1607441293514-768x939.jpg 768w, https:\/\/www.tushuesten.de\/web\/wp-content\/uploads\/2020\/12\/IMG_0681-hp-e1607441293514.jpg 1154w\" sizes=\"(max-width: 245px) 100vw, 245px\" \/><\/p>\n<p>Janice Wienecke<\/p>\n<p>\u00dcbungshelferin:<\/p>\n<p>&nbsp;<\/p>\n","protected":false},"excerpt":{"rendered":"<p>Diese Tanzgruppe ist eine Kooperation mit dem Familienzentrum an der R\u00f6hr (Kindergarten Kr\u00fcmelkiste) Wann: montags von 17- 18 Uhr Ort: Turnraum Kindergarten Kr\u00fcmelkiste Anmeldung erforderlich (Tel.:0172 6126541) &nbsp; Tanzen macht Spa\u00df! Das Tanzen f\u00fcr M\u00e4dchen<\/p>\n","protected":false},"author":1,"featured_media":0,"parent":0,"menu_order":0,"comment_status":"closed","ping_status":"closed","template":"","meta":[],"_links":{"self":[{"href":"https:\/\/www.tushuesten.de\/web\/wp-json\/wp\/v2\/pages\/150"}],"collection":[{"href":"https:\/\/www.tushuesten.de\/web\/wp-json\/wp\/v2\/pages"}],"about":[{"href":"https:\/\/www.tushuesten.de\/web\/wp-json\/wp\/v2\/types\/page"}],"author":[{"embeddable":true,"href":"https:\/\/www.tushuesten.de\/web\/wp-json\/wp\/v2\/users\/1"}],"replies":[{"embeddable":true,"href":"https:\/\/www.tushuesten.de\/web\/wp-json\/wp\/v2\/comments?post=150"}],"version-history":[{"count":15,"href":"https:\/\/www.tushuesten.de\/web\/wp-json\/wp\/v2\/pages\/150\/revisions"}],"predecessor-version":[{"id":1017,"href":"https:\/\/www.tushuesten.de\/web\/wp-json\/wp\/v2\/pages\/150\/revisions\/1017"}],"wp:attachment":[{"href":"https:\/\/www.tushuesten.de\/web\/wp-json\/wp\/v2\/media?parent=150"}],"curies":[{"name":"wp","href":"https:\/\/api.w.org\/{rel}","templated":true}]}}