{"id":148,"date":"2020-11-06T11:28:55","date_gmt":"2020-11-06T10:28:55","guid":{"rendered":"http:\/\/www.tushuesten.de\/web\/?page_id=148"},"modified":"2026-04-08T20:11:36","modified_gmt":"2026-04-08T18:11:36","slug":"tanzen-in-holzen-ab-6-jahren","status":"publish","type":"page","link":"https:\/\/www.tushuesten.de\/web\/tanzen-in-holzen-ab-6-jahren\/","title":{"rendered":"Sport, Spiel und Tanz ab 6 Jahren"},"content":{"rendered":"<p>&nbsp;<\/p>\n<p><a href=\"https:\/\/www.tushuesten.de\/web\/tanzen-in-holzen-ab-6-jahren\/img-20230213-wa0010\/\" rel=\"attachment wp-att-680\"><img decoding=\"async\" loading=\"lazy\" class=\"alignnone size-full wp-image-680\" src=\"https:\/\/www.tushuesten.de\/web\/wp-content\/uploads\/2023\/05\/IMG-20230213-WA0010.jpg\" alt=\"\" width=\"2048\" height=\"1536\" \/><\/a><\/p>\n<p><a href=\"https:\/\/www.tushuesten.de\/web\/tanzen-in-holzen-ab-6-jahren\/img-20230502-wa0000\/\" rel=\"attachment wp-att-681\"><img decoding=\"async\" loading=\"lazy\" class=\"alignnone size-full wp-image-681\" src=\"https:\/\/www.tushuesten.de\/web\/wp-content\/uploads\/2023\/05\/IMG-20230502-WA0000.jpg\" alt=\"\" width=\"1723\" height=\"1010\" \/><\/a><\/p>\n<p style=\"text-align: center;\"><strong>Termin: Donnerstags von 17 -18 Uhr<\/strong><\/p>\n<p style=\"text-align: center;\"><strong>Ort: SPH Holzen<\/strong><\/p>\n<p style=\"text-align: center;\"><em>Warteliste! Probetraining nur nach vorheriger Anmeldung m\u00f6glich.<\/em><\/p>\n<p>&nbsp;<\/p>\n<p><strong>Zusammen tanzen,spielen,K\u00f6rper\u00fcbungen durchf\u00fchren ,zusammen Spa\u00df haben<\/strong><\/p>\n<p>Jeden Donnerstag treffen sich Kinder aus der 1. bis 4. Klasse in der Turnhalle Holzen zum tanzen oder sporteln.<\/p>\n<p>Die erlernten Choreographien werden bei verschiedenen Auftritten vorgef\u00fchrt.( z.B. Sommerfest, Karnevalsfeier Holzen, Weihnachtsfeier in der Turnhalle)<\/p>\n<p>&nbsp;<\/p>\n<p><strong>\u00dcbungsleiterin<\/strong><\/p>\n<p>Christina<\/p>\n<p>Tel:01726126541 (Vereinshandy)<\/p>\n","protected":false},"excerpt":{"rendered":"<p>&nbsp; Termin: Donnerstags von 17 -18 Uhr Ort: SPH Holzen Warteliste! Probetraining nur nach vorheriger Anmeldung m\u00f6glich. &nbsp; Zusammen tanzen,spielen,K\u00f6rper\u00fcbungen durchf\u00fchren ,zusammen Spa\u00df haben Jeden Donnerstag treffen sich Kinder aus der 1. bis 4. Klasse<\/p>\n","protected":false},"author":1,"featured_media":0,"parent":0,"menu_order":0,"comment_status":"closed","ping_status":"closed","template":"","meta":[],"_links":{"self":[{"href":"https:\/\/www.tushuesten.de\/web\/wp-json\/wp\/v2\/pages\/148"}],"collection":[{"href":"https:\/\/www.tushuesten.de\/web\/wp-json\/wp\/v2\/pages"}],"about":[{"href":"https:\/\/www.tushuesten.de\/web\/wp-json\/wp\/v2\/types\/page"}],"author":[{"embeddable":true,"href":"https:\/\/www.tushuesten.de\/web\/wp-json\/wp\/v2\/users\/1"}],"replies":[{"embeddable":true,"href":"https:\/\/www.tushuesten.de\/web\/wp-json\/wp\/v2\/comments?post=148"}],"version-history":[{"count":13,"href":"https:\/\/www.tushuesten.de\/web\/wp-json\/wp\/v2\/pages\/148\/revisions"}],"predecessor-version":[{"id":1016,"href":"https:\/\/www.tushuesten.de\/web\/wp-json\/wp\/v2\/pages\/148\/revisions\/1016"}],"wp:attachment":[{"href":"https:\/\/www.tushuesten.de\/web\/wp-json\/wp\/v2\/media?parent=148"}],"curies":[{"name":"wp","href":"https:\/\/api.w.org\/{rel}","templated":true}]}}