{"id":102,"date":"2020-11-06T11:07:45","date_gmt":"2020-11-06T10:07:45","guid":{"rendered":"http:\/\/www.tushuesten.de\/web\/?page_id=102"},"modified":"2024-10-29T19:04:01","modified_gmt":"2024-10-29T18:04:01","slug":"geraet-und-bodenturnen-fortgeschrittene-code-12","status":"publish","type":"page","link":"https:\/\/www.tushuesten.de\/web\/geraet-und-bodenturnen-fortgeschrittene-code-12\/","title":{"rendered":"Ger\u00e4t- und Bodenturnen Fortgeschrittene (Code 12)"},"content":{"rendered":"<p>&nbsp;<\/p>\n<p><img decoding=\"async\" loading=\"lazy\" class=\"wp-image-103 aligncenter\" src=\"http:\/\/www.tushuesten.de\/web\/wp-content\/uploads\/2020\/11\/turnen-fortgeschrittene.png\" alt=\"\" width=\"617\" height=\"463\" srcset=\"https:\/\/www.tushuesten.de\/web\/wp-content\/uploads\/2020\/11\/turnen-fortgeschrittene.png 400w, https:\/\/www.tushuesten.de\/web\/wp-content\/uploads\/2020\/11\/turnen-fortgeschrittene-300x225.png 300w\" sizes=\"(max-width: 617px) 100vw, 617px\" \/><\/p>\n<p style=\"text-align: center;\"><strong>Termin: Dienstags von 17.00 Uhr &#8211; 18:15 Uhr<br \/>\nOrt: SPH M\u00fchlenbergschule<\/strong><\/p>\n<p style=\"text-align: center;\"><em>Kostenloses Probeturnen ist jederzeit m\u00f6glich!<\/em><\/p>\n<p>&nbsp;<\/p>\n<p>Die M\u00e4dchen im Alter von 9 bis 13 Jahren nehmen w\u00f6chentlich am anspruchsvollem und qualifiziertem Training teil. Das gezielte Trainingsprogramm am Schwebebalken, Boden, Sprungpferd und Stufenbarren wird erg\u00e4nzt durch Kraft- und Konditionstraining.<\/p>\n<p><strong>\u00dcbungsleiter:<\/strong><br \/>\nAlina Tuschhoff und\u00a0 \u00dcbungshelferin Leonie Bolinger<\/p>\n","protected":false},"excerpt":{"rendered":"<p>&nbsp; Termin: Dienstags von 17.00 Uhr &#8211; 18:15 Uhr Ort: SPH M\u00fchlenbergschule Kostenloses Probeturnen ist jederzeit m\u00f6glich! &nbsp; Die M\u00e4dchen im Alter von 9 bis 13 Jahren nehmen w\u00f6chentlich am anspruchsvollem und qualifiziertem Training teil.<\/p>\n","protected":false},"author":1,"featured_media":0,"parent":0,"menu_order":0,"comment_status":"closed","ping_status":"closed","template":"","meta":[],"_links":{"self":[{"href":"https:\/\/www.tushuesten.de\/web\/wp-json\/wp\/v2\/pages\/102"}],"collection":[{"href":"https:\/\/www.tushuesten.de\/web\/wp-json\/wp\/v2\/pages"}],"about":[{"href":"https:\/\/www.tushuesten.de\/web\/wp-json\/wp\/v2\/types\/page"}],"author":[{"embeddable":true,"href":"https:\/\/www.tushuesten.de\/web\/wp-json\/wp\/v2\/users\/1"}],"replies":[{"embeddable":true,"href":"https:\/\/www.tushuesten.de\/web\/wp-json\/wp\/v2\/comments?post=102"}],"version-history":[{"count":7,"href":"https:\/\/www.tushuesten.de\/web\/wp-json\/wp\/v2\/pages\/102\/revisions"}],"predecessor-version":[{"id":881,"href":"https:\/\/www.tushuesten.de\/web\/wp-json\/wp\/v2\/pages\/102\/revisions\/881"}],"wp:attachment":[{"href":"https:\/\/www.tushuesten.de\/web\/wp-json\/wp\/v2\/media?parent=102"}],"curies":[{"name":"wp","href":"https:\/\/api.w.org\/{rel}","templated":true}]}}